{"id":12,"date":"2025-02-08T09:43:40","date_gmt":"2025-02-08T09:43:40","guid":{"rendered":"https:\/\/www.rollcom.fr\/skyroll\/?page_id=12"},"modified":"2025-02-13T17:34:55","modified_gmt":"2025-02-13T17:34:55","slug":"sinformer","status":"publish","type":"page","link":"https:\/\/www.rollcom.fr\/skyroll\/sinformer\/","title":{"rendered":"S&rsquo;informer"},"content":{"rendered":"\n<div class=\"wp-block-group\" style=\"padding-right:var(--wp--preset--spacing--20);padding-left:var(--wp--preset--spacing--20)\"><div class=\"wp-block-group__inner-container is-layout-constrained wp-container-core-group-is-layout-56a9e311 wp-block-group-is-layout-constrained\">\n<p>Internet permet de se documenter comme jamais auparavant. Mais avec la multiplication des faux sites g\u00e9r\u00e9s par des AI, de la mont\u00e9e de l&rsquo;Alt right et des propagandes Fakenews, il est indispensable de distinguer ce qui rel\u00e8ve de la bonne information, constitu\u00e9e avec m\u00e9thode, recoup\u00e9e et mise \u00e0 l\u2019\u00e9preuve scientifiquement, et d\u2019\u00e9viter les informations cr\u00e9\u00e9es dans des buts pol\u00e9miques et d\u2019int\u00e9r\u00eat politique \u00e0 court terme. Cette page tente de pr\u00e9senter des liens d\u2019int\u00e9r\u00eats laissant \u00e0 part les sites les plus connus Lemonde.fr, liberation, les echos&#8230;<\/p>\n\n\n\n<figure class=\"wp-block-image size-large\"><img loading=\"lazy\" decoding=\"async\" width=\"1024\" height=\"585\" src=\"https:\/\/www.rollcom.fr\/skyroll\/wp-content\/uploads\/2025\/02\/recherche-internet-1024x585.webp\" alt=\"Recherche sur internet\" class=\"wp-image-59\" srcset=\"https:\/\/www.rollcom.fr\/skyroll\/wp-content\/uploads\/2025\/02\/recherche-internet-1024x585.webp 1024w, https:\/\/www.rollcom.fr\/skyroll\/wp-content\/uploads\/2025\/02\/recherche-internet-300x171.webp 300w, https:\/\/www.rollcom.fr\/skyroll\/wp-content\/uploads\/2025\/02\/recherche-internet-768x439.webp 768w, https:\/\/www.rollcom.fr\/skyroll\/wp-content\/uploads\/2025\/02\/recherche-internet-1536x878.webp 1536w, https:\/\/www.rollcom.fr\/skyroll\/wp-content\/uploads\/2025\/02\/recherche-internet-1320x754.webp 1320w, https:\/\/www.rollcom.fr\/skyroll\/wp-content\/uploads\/2025\/02\/recherche-internet.webp 1792w\" sizes=\"auto, (max-width: 1024px) 100vw, 1024px\" \/><figcaption class=\"wp-element-caption\">Rercherche sur internet vu par ChatGPT f\u00e9vrier 2025<\/figcaption><\/figure>\n\n\n\n<h2 class=\"wp-block-heading\">Informations g\u00e9n\u00e9rales<\/h2>\n\n\n\n<ul class=\"wp-block-list\">\n<li><a href=\"https:\/\/esprit.presse.fr\/\" data-type=\"link\" data-id=\"https:\/\/esprit.presse.fr\/\">Esprit<\/a>, la grande revue intellectuelle de centre gauche<\/li>\n\n\n\n<li><a href=\"https:\/\/aoc.media\/\" data-type=\"link\" data-id=\"https:\/\/aoc.media\/\">AOC<\/a>, Analyse Opinion Critique, quotidien d\u2019id\u00e9es<\/li>\n\n\n\n<li><a href=\"https:\/\/www.lenouvelespritpublic.fr\/\" data-type=\"link\" data-id=\"https:\/\/www.lenouvelespritpublic.fr\/\">Le nouvel esprit public<\/a>, podcast, \u00e9mission hebdomadaire qui fait discuter des intellectuels de groupe politique diff\u00e9rent sur les sujets chauds du moment<\/li>\n\n\n\n<li><a href=\"https:\/\/www.telos-eu.com\/\" data-type=\"link\" data-id=\"https:\/\/www.telos-eu.com\/\">T\u00e9los<\/a>, regroupe des articles d&rsquo;universitaires portant sur de nombreuses questions d&rsquo;actualit\u00e9<\/li>\n\n\n\n<li><a href=\"https:\/\/shs.cairn.info\/\" data-type=\"link\" data-id=\"https:\/\/shs.cairn.info\/\">Cairn<\/a>, site qui rend disponible des articles scientifiques sur les sciences sociales<\/li>\n\n\n\n<li>Le coll\u00e8ge de France, mine d&rsquo;expos\u00e9s de recherche scientifique : surtout les cours de Fran\u00e7ois H\u00e9ran sur <a href=\"https:\/\/www.college-de-france.fr\/fr\/enseignements\/audios-videos?f%5B0%5D=chair%3A3640\" data-type=\"link\" data-id=\"https:\/\/www.college-de-france.fr\/fr\/enseignements\/audios-videos?f%5B0%5D=chair%3A3640\">les migrations<\/a>, de Philippe Aghion sur <a href=\"https:\/\/www.college-de-france.fr\/fr\/enseignements\/audios-videos?f%5B0%5D=chair%3A3658\" data-type=\"link\" data-id=\"https:\/\/www.college-de-france.fr\/fr\/enseignements\/audios-videos?f%5B0%5D=chair%3A3658\">l&rsquo;innovation<\/a>, d&rsquo;Alain Supiot sur <a href=\"https:\/\/www.college-de-france.fr\/fr\/enseignements\/audios-videos?f%5B0%5D=chair%3A3871\" data-type=\"link\" data-id=\"https:\/\/www.college-de-france.fr\/fr\/enseignements\/audios-videos?f%5B0%5D=chair%3A3871\">l&rsquo;analyse juridique des solidarit\u00e9 aux XXI\u00e8me si\u00e8cle<\/a>. <\/li>\n<\/ul>\n\n\n\n<h2 class=\"wp-block-heading\">Relations internationales<\/h2>\n\n\n\n<ul class=\"wp-block-list\">\n<li><a href=\"https:\/\/legrandcontinent.eu\/fr\/\" data-type=\"link\" data-id=\"https:\/\/legrandcontinent.eu\/fr\/\">Le Grand continent<\/a>, revue de relations internationales<\/li>\n\n\n\n<li><a href=\"https:\/\/iremmo.org\/\" data-type=\"link\" data-id=\"https:\/\/iremmo.org\/\">L&rsquo;IREMO<\/a>, Institut de recherche et d\u2019\u00e9tudes M\u00e9diterran\u00e9e Moyen-Orient qui cherche \u00e0 rendre accessible au plus grand nombre un savoir scientifique engag\u00e9 sur les grandes probl\u00e9matiques politiques, culturelles, \u00e9conomiques et sociales li\u00e9es aux r\u00e9gions du Moyen-Orient et du bassin m\u00e9diterran\u00e9en.<\/li>\n\n\n\n<li><\/li>\n<\/ul>\n\n\n\n<h2 class=\"wp-block-heading\">Informatique <\/h2>\n\n\n\n<ul class=\"wp-block-list\">\n<li><a href=\"https:\/\/next.ink\/\" data-type=\"link\" data-id=\"https:\/\/next.ink\/\">Next<\/a>, successeur de Next Impact<\/li>\n\n\n\n<li><a href=\"https:\/\/www.patreon.com\/OrigamiMedia\" data-type=\"link\" data-id=\"https:\/\/www.patreon.com\/OrigamiMedia\">Origami<\/a>, webmedia ind\u00e9pendant test de jeux vid\u00e9os<\/li>\n\n\n\n<li><a href=\"https:\/\/www.youtube.com\/@VC-Gaming\" data-type=\"link\" data-id=\"https:\/\/www.youtube.com\/@VC-Gaming\">Vieux Con Gaming<\/a>, chaine youtube, test de mat\u00e9riel informatique<\/li>\n\n\n\n<li><a href=\"https:\/\/www.monsieurpc.fr\/\" data-type=\"link\" data-id=\"https:\/\/www.monsieurpc.fr\/\">Monsieur PC<\/a>, site d&rsquo;assemblage d&rsquo;ordinateur avec des videos youtube twitch.<\/li>\n<\/ul>\n\n\n\n<h2 class=\"wp-block-heading\">Podcast<\/h2>\n\n\n\n<ul class=\"wp-block-list\">\n<li><\/li>\n\n\n\n<li><a href=\"https:\/\/www.binge.audio\/podcast\/kiffetarace\/\" data-type=\"link\" data-id=\"https:\/\/www.binge.audio\/podcast\/kiffetarace\/\">Kiffe ta race<\/a>, podcast sur les identit\u00e9s ethniques plurielles, avec notamment les journalistes Rokhaya Diallo et Grace Ly<\/li>\n\n\n\n<li><a href=\"https:\/\/www.binge.audio\/podcast\/les-couilles-sur-la-table\" data-type=\"link\" data-id=\"https:\/\/www.binge.audio\/podcast\/les-couilles-sur-la-table\">Les couilles sur la table<\/a>, podcast f\u00e9ministe de la journaliste Victoire Tuaillon<\/li>\n\n\n\n<li><a href=\"https:\/\/devenirsexuellementepanoui-podcast.mystrikingly.com\/\" data-type=\"link\" data-id=\"https:\/\/devenirsexuellementepanoui-podcast.mystrikingly.com\/\">Comment devenir (sexuellement) \u00e9panoui<\/a> de Guillaume Bonnet sur les sexualit\u00e9s queer. <\/li>\n\n\n\n<li><\/li>\n<\/ul>\n<\/div><\/div>\n\n\n\n<p><\/p>\n","protected":false},"excerpt":{"rendered":"<div class=\"mh-excerpt\"><p>Internet permet de se documenter comme jamais auparavant. Mais avec la multiplication des faux sites g\u00e9r\u00e9s par des AI, de la mont\u00e9e de l&rsquo;Alt right <a class=\"mh-excerpt-more\" href=\"https:\/\/www.rollcom.fr\/skyroll\/sinformer\/\" title=\"S&rsquo;informer\">[&#8230;]<\/a><\/p>\n<\/div>","protected":false},"author":1,"featured_media":0,"parent":0,"menu_order":0,"comment_status":"closed","ping_status":"closed","template":"","meta":{"footnotes":""},"class_list":["post-12","page","type-page","status-publish","hentry"],"_links":{"self":[{"href":"https:\/\/www.rollcom.fr\/skyroll\/wp-json\/wp\/v2\/pages\/12","targetHints":{"allow":["GET"]}}],"collection":[{"href":"https:\/\/www.rollcom.fr\/skyroll\/wp-json\/wp\/v2\/pages"}],"about":[{"href":"https:\/\/www.rollcom.fr\/skyroll\/wp-json\/wp\/v2\/types\/page"}],"author":[{"embeddable":true,"href":"https:\/\/www.rollcom.fr\/skyroll\/wp-json\/wp\/v2\/users\/1"}],"replies":[{"embeddable":true,"href":"https:\/\/www.rollcom.fr\/skyroll\/wp-json\/wp\/v2\/comments?post=12"}],"version-history":[{"count":7,"href":"https:\/\/www.rollcom.fr\/skyroll\/wp-json\/wp\/v2\/pages\/12\/revisions"}],"predecessor-version":[{"id":122,"href":"https:\/\/www.rollcom.fr\/skyroll\/wp-json\/wp\/v2\/pages\/12\/revisions\/122"}],"wp:attachment":[{"href":"https:\/\/www.rollcom.fr\/skyroll\/wp-json\/wp\/v2\/media?parent=12"}],"curies":[{"name":"wp","href":"https:\/\/api.w.org\/{rel}","templated":true}]}}